{"id":24299,"date":"2024-01-03T09:41:03","date_gmt":"2024-01-03T01:41:03","guid":{"rendered":"https:\/\/onefifteen115.com\/?page_id=24299"},"modified":"2025-02-26T11:35:05","modified_gmt":"2025-02-26T03:35:05","slug":"hommes-maison-kitsune","status":"publish","type":"page","link":"https:\/\/onefifteen115.com\/fr\/men-maison-kitsune\/","title":{"rendered":"Hommes &gt; Maison Kitsun\u00e9"},"content":{"rendered":"<div data-elementor-type=\"wp-page\" data-elementor-id=\"24299\" class=\"elementor elementor-24299\" data-elementor-post-type=\"page\">\n\t\t\t\t\t\t<section class=\"elementor-section elementor-top-section elementor-element elementor-element-11db5b98 elementor-section-boxed elementor-section-height-default elementor-section-height-default\" data-id=\"11db5b98\" data-element_type=\"section\" data-e-type=\"section\">\n\t\t\t\t\t\t<div class=\"elementor-container elementor-column-gap-default\">\n\t\t\t\t\t<div class=\"elementor-column elementor-col-100 elementor-top-column elementor-element elementor-element-6e176cd7\" data-id=\"6e176cd7\" data-element_type=\"column\" data-e-type=\"column\">\n\t\t\t<div class=\"elementor-widget-wrap elementor-element-populated\">\n\t\t\t\t\t\t<div class=\"elementor-element elementor-element-1782fd8e elementor-widget elementor-widget-spacer\" data-id=\"1782fd8e\" data-element_type=\"widget\" data-e-type=\"widget\" data-widget_type=\"spacer.default\">\n\t\t\t\t<div class=\"elementor-widget-container\">\n\t\t\t\t\t\t\t<div class=\"elementor-spacer\">\n\t\t\t<div class=\"elementor-spacer-inner\"><\/div>\n\t\t<\/div>\n\t\t\t\t\t\t<\/div>\n\t\t\t\t<\/div>\n\t\t\t\t\t<\/div>\n\t\t<\/div>\n\t\t\t\t\t<\/div>\n\t\t<\/section>\n\t\t\t\t<section class=\"elementor-section elementor-top-section elementor-element elementor-element-4d7765ab elementor-section-boxed elementor-section-height-default elementor-section-height-default\" data-id=\"4d7765ab\" data-element_type=\"section\" data-e-type=\"section\">\n\t\t\t\t\t\t<div class=\"elementor-container elementor-column-gap-default\">\n\t\t\t\t\t<div class=\"elementor-column elementor-col-100 elementor-top-column elementor-element elementor-element-c865bf6\" data-id=\"c865bf6\" data-element_type=\"column\" data-e-type=\"column\">\n\t\t\t<div class=\"elementor-widget-wrap elementor-element-populated\">\n\t\t\t\t\t\t<div class=\"elementor-element elementor-element-390044d elementor-widget elementor-widget-text-editor\" data-id=\"390044d\" data-element_type=\"widget\" data-e-type=\"widget\" data-widget_type=\"text-editor.default\">\n\t\t\t\t<div class=\"elementor-widget-container\">\n\t\t\t\t\t\t\t\t\t<p><a href=\"https:\/\/onefifteen115.com\/fr\/marques\/\">Marques<\/a> &gt; <a href=\"https:\/\/onefifteen115.com\/fr\/marques-hommes\/\">Les hommes<\/a> &gt; Maison Kitsun\u00e9<\/p>\t\t\t\t\t\t\t\t<\/div>\n\t\t\t\t<\/div>\n\t\t\t\t\t<\/div>\n\t\t<\/div>\n\t\t\t\t\t<\/div>\n\t\t<\/section>\n\t\t\t\t<section class=\"elementor-section elementor-top-section elementor-element elementor-element-75886b3c elementor-section-boxed elementor-section-height-default elementor-section-height-default\" data-id=\"75886b3c\" data-element_type=\"section\" data-e-type=\"section\">\n\t\t\t\t\t\t<div class=\"elementor-container elementor-column-gap-default\">\n\t\t\t\t\t<div class=\"elementor-column elementor-col-100 elementor-top-column elementor-element elementor-element-29917cd8\" data-id=\"29917cd8\" data-element_type=\"column\" data-e-type=\"column\">\n\t\t\t<div class=\"elementor-widget-wrap elementor-element-populated\">\n\t\t\t\t\t\t<div class=\"elementor-element elementor-element-1d7ee387 elementor-widget elementor-widget-image\" data-id=\"1d7ee387\" data-element_type=\"widget\" data-e-type=\"widget\" data-widget_type=\"image.default\">\n\t\t\t\t<div class=\"elementor-widget-container\">\n\t\t\t\t\t\t\t\t\t\t\t\t\t\t\t<img fetchpriority=\"high\" decoding=\"async\" data-attachment-id=\"42154\" data-permalink=\"https:\/\/onefifteen115.com\/fr\/women-maison-kitsune\/maison-kitsune-13\/\" data-orig-file=\"https:\/\/i0.wp.com\/onefifteen115.com\/wp-content\/uploads\/2025\/02\/MAISON-KITSUNE-1.jpg?fit=1250%2C650&amp;ssl=1\" data-orig-size=\"1250,650\" data-comments-opened=\"1\" data-image-meta=\"{&quot;aperture&quot;:&quot;0&quot;,&quot;credit&quot;:&quot;&quot;,&quot;camera&quot;:&quot;&quot;,&quot;caption&quot;:&quot;&quot;,&quot;created_timestamp&quot;:&quot;0&quot;,&quot;copyright&quot;:&quot;&quot;,&quot;focal_length&quot;:&quot;0&quot;,&quot;iso&quot;:&quot;0&quot;,&quot;shutter_speed&quot;:&quot;0&quot;,&quot;title&quot;:&quot;&quot;,&quot;orientation&quot;:&quot;0&quot;}\" data-image-title=\"MAISON-KITSUNE\" data-image-description=\"\" data-image-caption=\"\" data-large-file=\"https:\/\/i0.wp.com\/onefifteen115.com\/wp-content\/uploads\/2025\/02\/MAISON-KITSUNE-1.jpg?fit=1024%2C532&amp;ssl=1\" width=\"1250\" height=\"650\" src=\"https:\/\/i0.wp.com\/onefifteen115.com\/wp-content\/uploads\/2025\/02\/MAISON-KITSUNE-1.jpg?fit=1250%2C650&amp;ssl=1\" class=\"attachment-full size-full wp-image-42154\" alt=\"\" srcset=\"https:\/\/i0.wp.com\/onefifteen115.com\/wp-content\/uploads\/2025\/02\/MAISON-KITSUNE-1.jpg?w=1250&amp;ssl=1 1250w, https:\/\/i0.wp.com\/onefifteen115.com\/wp-content\/uploads\/2025\/02\/MAISON-KITSUNE-1.jpg?resize=300%2C156&amp;ssl=1 300w, https:\/\/i0.wp.com\/onefifteen115.com\/wp-content\/uploads\/2025\/02\/MAISON-KITSUNE-1.jpg?resize=1024%2C532&amp;ssl=1 1024w, https:\/\/i0.wp.com\/onefifteen115.com\/wp-content\/uploads\/2025\/02\/MAISON-KITSUNE-1.jpg?resize=768%2C399&amp;ssl=1 768w, https:\/\/i0.wp.com\/onefifteen115.com\/wp-content\/uploads\/2025\/02\/MAISON-KITSUNE-1.jpg?resize=18%2C9&amp;ssl=1 18w\" sizes=\"(max-width: 1250px) 100vw, 1250px\" \/>\t\t\t\t\t\t\t\t\t\t\t\t\t\t\t<\/div>\n\t\t\t\t<\/div>\n\t\t\t\t\t<\/div>\n\t\t<\/div>\n\t\t\t\t\t<\/div>\n\t\t<\/section>\n\t\t\t\t<section class=\"elementor-section elementor-top-section elementor-element elementor-element-3a6c0826 elementor-section-full_width elementor-section-height-default elementor-section-height-default\" data-id=\"3a6c0826\" data-element_type=\"section\" data-e-type=\"section\">\n\t\t\t\t\t\t<div class=\"elementor-container elementor-column-gap-default\">\n\t\t\t\t\t<div class=\"elementor-column elementor-col-100 elementor-top-column elementor-element elementor-element-f6a8303\" data-id=\"f6a8303\" data-element_type=\"column\" data-e-type=\"column\">\n\t\t\t<div class=\"elementor-widget-wrap elementor-element-populated\">\n\t\t\t\t\t\t<div class=\"elementor-element elementor-element-680445c elementor-widget elementor-widget-spacer\" data-id=\"680445c\" data-element_type=\"widget\" data-e-type=\"widget\" data-widget_type=\"spacer.default\">\n\t\t\t\t<div class=\"elementor-widget-container\">\n\t\t\t\t\t\t\t<div class=\"elementor-spacer\">\n\t\t\t<div class=\"elementor-spacer-inner\"><\/div>\n\t\t<\/div>\n\t\t\t\t\t\t<\/div>\n\t\t\t\t<\/div>\n\t\t\t\t<div class=\"elementor-element elementor-element-1979cc58 elementor-widget elementor-widget-heading\" data-id=\"1979cc58\" data-element_type=\"widget\" data-e-type=\"widget\" data-widget_type=\"heading.default\">\n\t\t\t\t<div class=\"elementor-widget-container\">\n\t\t\t\t\t<h2 class=\"elementor-heading-title elementor-size-large\">MAISON KITSUN\u00c9<\/h2>\t\t\t\t<\/div>\n\t\t\t\t<\/div>\n\t\t\t\t\t<\/div>\n\t\t<\/div>\n\t\t\t\t\t<\/div>\n\t\t<\/section>\n\t\t\t\t<section class=\"elementor-section elementor-top-section elementor-element elementor-element-339be08c elementor-section-boxed elementor-section-height-default elementor-section-height-default\" data-id=\"339be08c\" data-element_type=\"section\" data-e-type=\"section\">\n\t\t\t\t\t\t<div class=\"elementor-container elementor-column-gap-default\">\n\t\t\t\t\t<div class=\"elementor-column elementor-col-100 elementor-top-column elementor-element elementor-element-7d67c1cd\" data-id=\"7d67c1cd\" data-element_type=\"column\" data-e-type=\"column\">\n\t\t\t<div class=\"elementor-widget-wrap elementor-element-populated\">\n\t\t\t\t\t\t<div class=\"elementor-element elementor-element-450c4b0 elementor-widget elementor-widget-text-editor\" data-id=\"450c4b0\" data-element_type=\"widget\" data-e-type=\"widget\" data-widget_type=\"text-editor.default\">\n\t\t\t\t<div class=\"elementor-widget-container\">\n\t\t\t\t\t\t\t\t\t<p>Maison Kitsun\u00e9 a vu le jour \u00e0 Paris mais ne s'est jamais arr\u00eat\u00e9e l\u00e0. \u201cNous voulions construire une marque qui montrerait l'art de vivre - Maison Kitsun\u00e9 - c'est la passion, l'ambition, le d\u00e9sir\u201d. Les fondateurs Gildas Loa\u00ebc et Masaya Kuroki ont cr\u00e9\u00e9 Kitsun\u00e9 en 2002, qui comprend la marque de mode Maison Kitsun\u00e9, la marque de musique Kitsun\u00e9 Musique et la marque de style de vie Caf\u00e9 Kitsun\u00e9, un caf\u00e9, une boulangerie, un bar et un restaurant.<\/p><p><span style=\"text-align: justify;\">L'origine multiculturelle de la marque lui a donn\u00e9 une vision large et elle a lanc\u00e9 une s\u00e9rie de collections cobrand\u00e9es avec un large \u00e9ventail de marques de toutes tailles et de toutes formes. Dans un monde o\u00f9 les croisements sous toutes sortes de banni\u00e8res sont monnaie courante, Kitsun\u00e9 a bien saisi le pouls de l'\u00e9poque et les deux fondateurs, tels des chasseurs attentifs, ont \u00e9largi les fronti\u00e8res de la marque tout en offrant \u00e0 la jeunesse contemporaine une exp\u00e9rience vestimentaire plus vari\u00e9e.<\/span>Kitsune est le mot japonais pour renard, qui repr\u00e9sente \u00e9galement une image ludique et polyvalente dans la culture japonaise. C'est \u00e9galement un symbole de la polyvalence et de la cr\u00e9ativit\u00e9 de la marque en mati\u00e8re de design, de couleur et de coupe. Gr\u00e2ce aux diverses exp\u00e9riences de co-branding et de style, Maison Kitsun\u00e9 est toujours en mesure d'apporter une nouvelle vision. Maison Kitsun\u00e9 est devenue l'une des marques de mode qui repr\u00e9sentent la culture de la nouvelle \u00e8re.<\/p>\t\t\t\t\t\t\t\t<\/div>\n\t\t\t\t<\/div>\n\t\t\t\t\t<\/div>\n\t\t<\/div>\n\t\t\t\t\t<\/div>\n\t\t<\/section>\n\t\t\t\t<section class=\"elementor-section elementor-top-section elementor-element elementor-element-226b3dcc elementor-section-boxed elementor-section-height-default elementor-section-height-default\" data-id=\"226b3dcc\" data-element_type=\"section\" data-e-type=\"section\">\n\t\t\t\t\t\t<div class=\"elementor-container elementor-column-gap-default\">\n\t\t\t\t\t<div class=\"elementor-column elementor-col-100 elementor-top-column elementor-element elementor-element-7435a278\" data-id=\"7435a278\" data-element_type=\"column\" data-e-type=\"column\">\n\t\t\t<div class=\"elementor-widget-wrap elementor-element-populated\">\n\t\t\t\t\t\t<div class=\"elementor-element elementor-element-2c720ffd elementor-align-center elementor-widget elementor-widget-button\" data-id=\"2c720ffd\" data-element_type=\"widget\" data-e-type=\"widget\" data-widget_type=\"button.default\">\n\t\t\t\t<div class=\"elementor-widget-container\">\n\t\t\t\t\t\t\t\t\t<div class=\"elementor-button-wrapper\">\n\t\t\t\t\t<a class=\"elementor-button elementor-button-link elementor-size-xs\" href=\"http:\/\/maisonkitsunetaiwan.onefifteen115.com\/\" target=\"_blank\">\n\t\t\t\t\t\t<span class=\"elementor-button-content-wrapper\">\n\t\t\t\t\t\t<span class=\"elementor-button-icon\">\n\t\t\t\t<i aria-hidden=\"true\" class=\"fas fa-shopping-cart\"><\/i>\t\t\t<\/span>\n\t\t\t\t\t\t\t\t\t<span class=\"elementor-button-text\">SHOP NOW<\/span>\n\t\t\t\t\t<\/span>\n\t\t\t\t\t<\/a>\n\t\t\t\t<\/div>\n\t\t\t\t\t\t\t\t<\/div>\n\t\t\t\t<\/div>\n\t\t\t\t\t<\/div>\n\t\t<\/div>\n\t\t\t\t\t<\/div>\n\t\t<\/section>\n\t\t\t\t<section class=\"elementor-section elementor-top-section elementor-element elementor-element-6a9796b4 elementor-section-boxed elementor-section-height-default elementor-section-height-default\" data-id=\"6a9796b4\" data-element_type=\"section\" data-e-type=\"section\">\n\t\t\t\t\t\t<div class=\"elementor-container elementor-column-gap-default\">\n\t\t\t\t\t<div class=\"elementor-column elementor-col-100 elementor-top-column elementor-element elementor-element-4a950c5d\" data-id=\"4a950c5d\" data-element_type=\"column\" data-e-type=\"column\">\n\t\t\t<div class=\"elementor-widget-wrap elementor-element-populated\">\n\t\t\t\t\t\t<div class=\"elementor-element elementor-element-7f7eec elementor-widget elementor-widget-spacer\" data-id=\"7f7eec\" data-element_type=\"widget\" data-e-type=\"widget\" data-widget_type=\"spacer.default\">\n\t\t\t\t<div class=\"elementor-widget-container\">\n\t\t\t\t\t\t\t<div class=\"elementor-spacer\">\n\t\t\t<div class=\"elementor-spacer-inner\"><\/div>\n\t\t<\/div>\n\t\t\t\t\t\t<\/div>\n\t\t\t\t<\/div>\n\t\t\t\t<div class=\"elementor-element elementor-element-5d6962ad elementor-arrows-position-inside elementor-pagination-position-outside elementor-widget elementor-widget-image-carousel\" data-id=\"5d6962ad\" data-element_type=\"widget\" data-e-type=\"widget\" data-settings=\"{&quot;slides_to_show&quot;:&quot;4&quot;,&quot;slides_to_show_mobile&quot;:&quot;2&quot;,&quot;navigation&quot;:&quot;both&quot;,&quot;autoplay&quot;:&quot;yes&quot;,&quot;pause_on_hover&quot;:&quot;yes&quot;,&quot;pause_on_interaction&quot;:&quot;yes&quot;,&quot;autoplay_speed&quot;:5000,&quot;infinite&quot;:&quot;yes&quot;,&quot;speed&quot;:500}\" data-widget_type=\"image-carousel.default\">\n\t\t\t\t<div class=\"elementor-widget-container\">\n\t\t\t\t\t\t\t<div class=\"elementor-image-carousel-wrapper swiper\" role=\"region\" aria-roledescription=\"carousel\" aria-label=\"Table tournante d&#039;images\" dir=\"ltr\">\n\t\t\t<div class=\"elementor-image-carousel swiper-wrapper\" aria-live=\"off\">\n\t\t\t\t\t\t\t\t<div class=\"swiper-slide\" role=\"group\" aria-roledescription=\"slide\" aria-label=\"1 de 12\"><figure class=\"swiper-slide-inner\"><img decoding=\"async\" class=\"swiper-slide-image\" src=\"https:\/\/i0.wp.com\/onefifteen115.com\/wp-content\/uploads\/2025\/02\/MAISON-KITSUNE-1-2.jpg?fit=560%2C840&amp;ssl=1\" alt=\"MAISON-KITSUNE-1\" \/><\/figure><\/div><div class=\"swiper-slide\" role=\"group\" aria-roledescription=\"slide\" aria-label=\"2 de 12\"><figure class=\"swiper-slide-inner\"><img decoding=\"async\" class=\"swiper-slide-image\" src=\"https:\/\/i0.wp.com\/onefifteen115.com\/wp-content\/uploads\/2024\/08\/MAISON-KITSUNE-2.jpg?fit=560%2C840&amp;ssl=1\" alt=\"MAISON-KITSUNE-2\" \/><\/figure><\/div><div class=\"swiper-slide\" role=\"group\" aria-roledescription=\"slide\" aria-label=\"3 de 12\"><figure class=\"swiper-slide-inner\"><img decoding=\"async\" class=\"swiper-slide-image\" src=\"https:\/\/i0.wp.com\/onefifteen115.com\/wp-content\/uploads\/2024\/08\/MAISON-KITSUNE-4.jpg?fit=560%2C840&amp;ssl=1\" alt=\"MAISON-KITSUNE-4\" \/><\/figure><\/div><div class=\"swiper-slide\" role=\"group\" aria-roledescription=\"slide\" aria-label=\"4 de 12\"><figure class=\"swiper-slide-inner\"><img decoding=\"async\" class=\"swiper-slide-image\" src=\"https:\/\/i0.wp.com\/onefifteen115.com\/wp-content\/uploads\/2024\/08\/MAISON-KITSUNE-3.jpg?fit=560%2C840&amp;ssl=1\" alt=\"MAISON-KITSUNE-3\" \/><\/figure><\/div><div class=\"swiper-slide\" role=\"group\" aria-roledescription=\"slide\" aria-label=\"5 de 12\"><figure class=\"swiper-slide-inner\"><img decoding=\"async\" class=\"swiper-slide-image\" src=\"https:\/\/i0.wp.com\/onefifteen115.com\/wp-content\/uploads\/2024\/03\/Maison-Kitsune-SS24-4.jpg?fit=560%2C842&amp;ssl=1\" alt=\"Maison-Kitsune-SS24-4\" \/><\/figure><\/div><div class=\"swiper-slide\" role=\"group\" aria-roledescription=\"slide\" aria-label=\"6 de 12\"><figure class=\"swiper-slide-inner\"><img decoding=\"async\" class=\"swiper-slide-image\" src=\"https:\/\/i0.wp.com\/onefifteen115.com\/wp-content\/uploads\/2024\/03\/Maison-Kitsune-SS24-5.jpg?fit=560%2C842&amp;ssl=1\" alt=\"Maison-Kitsune-SS24-5\" \/><\/figure><\/div><div class=\"swiper-slide\" role=\"group\" aria-roledescription=\"slide\" aria-label=\"7 de 12\"><figure class=\"swiper-slide-inner\"><img decoding=\"async\" class=\"swiper-slide-image\" src=\"https:\/\/i0.wp.com\/onefifteen115.com\/wp-content\/uploads\/2024\/01\/MKCNY-1.jpg?fit=560%2C842&amp;ssl=1\" alt=\"MKCNY-1\" \/><\/figure><\/div><div class=\"swiper-slide\" role=\"group\" aria-roledescription=\"slide\" aria-label=\"8 de 12\"><figure class=\"swiper-slide-inner\"><img decoding=\"async\" class=\"swiper-slide-image\" src=\"https:\/\/i0.wp.com\/onefifteen115.com\/wp-content\/uploads\/2024\/01\/MKCNY-2.jpg?fit=560%2C842&amp;ssl=1\" alt=\"MKCNY-2\" \/><\/figure><\/div><div class=\"swiper-slide\" role=\"group\" aria-roledescription=\"slide\" aria-label=\"9 de 12\"><figure class=\"swiper-slide-inner\"><img decoding=\"async\" class=\"swiper-slide-image\" src=\"https:\/\/i0.wp.com\/onefifteen115.com\/wp-content\/uploads\/2024\/01\/brand-mk-01-1.jpg?fit=560%2C832&amp;ssl=1\" alt=\"marque-mk-01\" \/><\/figure><\/div><div class=\"swiper-slide\" role=\"group\" aria-roledescription=\"slide\" aria-label=\"10 de 12\"><figure class=\"swiper-slide-inner\"><img decoding=\"async\" class=\"swiper-slide-image\" src=\"https:\/\/i0.wp.com\/onefifteen115.com\/wp-content\/uploads\/2024\/01\/brand-mk-04-1.jpg?fit=560%2C832&amp;ssl=1\" alt=\"marque-mk-04\" \/><\/figure><\/div><div class=\"swiper-slide\" role=\"group\" aria-roledescription=\"slide\" aria-label=\"11 de 12\"><figure class=\"swiper-slide-inner\"><img decoding=\"async\" class=\"swiper-slide-image\" src=\"https:\/\/i0.wp.com\/onefifteen115.com\/wp-content\/uploads\/2024\/01\/brand-mk-05-1.jpg?fit=560%2C832&amp;ssl=1\" alt=\"marque-mk-05\" \/><\/figure><\/div><div class=\"swiper-slide\" role=\"group\" aria-roledescription=\"slide\" aria-label=\"12 de 12\"><figure class=\"swiper-slide-inner\"><img decoding=\"async\" class=\"swiper-slide-image\" src=\"https:\/\/i0.wp.com\/onefifteen115.com\/wp-content\/uploads\/2024\/01\/brand-mk-06-1.jpg?fit=560%2C832&amp;ssl=1\" alt=\"marque-mk-06\" \/><\/figure><\/div>\t\t\t<\/div>\n\t\t\t\t\t\t\t\t\t\t\t\t<div class=\"elementor-swiper-button elementor-swiper-button-prev\" role=\"button\" tabindex=\"0\">\n\t\t\t\t\t\t<i aria-hidden=\"true\" class=\"eicon-chevron-left\"><\/i>\t\t\t\t\t<\/div>\n\t\t\t\t\t<div class=\"elementor-swiper-button elementor-swiper-button-next\" role=\"button\" tabindex=\"0\">\n\t\t\t\t\t\t<i aria-hidden=\"true\" class=\"eicon-chevron-right\"><\/i>\t\t\t\t\t<\/div>\n\t\t\t\t\n\t\t\t\t\t\t\t\t\t<div class=\"swiper-pagination\"><\/div>\n\t\t\t\t\t\t\t\t\t<\/div>\n\t\t\t\t\t\t<\/div>\n\t\t\t\t<\/div>\n\t\t\t\t\t<\/div>\n\t\t<\/div>\n\t\t\t\t\t<\/div>\n\t\t<\/section>\n\t\t\t\t<\/div>","protected":false},"excerpt":{"rendered":"<p>Brands &gt; Men &gt; [&hellip;]<\/p>\n","protected":false},"author":232424069,"featured_media":0,"parent":0,"menu_order":0,"comment_status":"closed","ping_status":"closed","template":"","meta":{"_crdt_document":"","site-sidebar-layout":"no-sidebar","site-content-layout":"page-builder","ast-site-content-layout":"full-width-container","site-content-style":"default","site-sidebar-style":"default","ast-global-header-display":"","ast-banner-title-visibility":"","ast-main-header-display":"","ast-hfb-above-header-display":"","ast-hfb-below-header-display":"","ast-hfb-mobile-header-display":"","site-post-title":"disabled","ast-breadcrumbs-content":"","ast-featured-img":"disabled","footer-sml-layout":"","ast-disable-related-posts":"","theme-transparent-header-meta":"default","adv-header-id-meta":"","stick-header-meta":"default","header-above-stick-meta":"","header-main-stick-meta":"","header-below-stick-meta":"","astra-migrate-meta-layouts":"set","ast-page-background-enabled":"default","ast-page-background-meta":{"desktop":{"background-color":"var(--ast-global-color-4)","background-image":"","background-repeat":"repeat","background-position":"center center","background-size":"auto","background-attachment":"scroll","background-type":"","background-media":"","overlay-type":"","overlay-color":"","overlay-opacity":"","overlay-gradient":""},"tablet":{"background-color":"","background-image":"","background-repeat":"repeat","background-position":"center center","background-size":"auto","background-attachment":"scroll","background-type":"","background-media":"","overlay-type":"","overlay-color":"","overlay-opacity":"","overlay-gradient":""},"mobile":{"background-color":"","background-image":"","background-repeat":"repeat","background-position":"center center","background-size":"auto","background-attachment":"scroll","background-type":"","background-media":"","overlay-type":"","overlay-color":"","overlay-opacity":"","overlay-gradient":""}},"ast-content-background-meta":{"desktop":{"background-color":"var(--ast-global-color-5)","background-image":"","background-repeat":"repeat","background-position":"center center","background-size":"auto","background-attachment":"scroll","background-type":"","background-media":"","overlay-type":"","overlay-color":"","overlay-opacity":"","overlay-gradient":""},"tablet":{"background-color":"var(--ast-global-color-5)","background-image":"","background-repeat":"repeat","background-position":"center center","background-size":"auto","background-attachment":"scroll","background-type":"","background-media":"","overlay-type":"","overlay-color":"","overlay-opacity":"","overlay-gradient":""},"mobile":{"background-color":"var(--ast-global-color-5)","background-image":"","background-repeat":"repeat","background-position":"center center","background-size":"auto","background-attachment":"scroll","background-type":"","background-media":"","overlay-type":"","overlay-color":"","overlay-opacity":"","overlay-gradient":""}},"advanced_seo_description":"","jetpack_seo_html_title":"","jetpack_seo_noindex":false,"footnotes":""},"class_list":["post-24299","page","type-page","status-publish","hentry"],"jetpack_likes_enabled":true,"jetpack_sharing_enabled":true,"jetpack_shortlink":"https:\/\/wp.me\/PeDfZ2-6jV","jetpack-related-posts":[],"_links":{"self":[{"href":"https:\/\/onefifteen115.com\/fr\/wp-json\/wp\/v2\/pages\/24299","targetHints":{"allow":["GET"]}}],"collection":[{"href":"https:\/\/onefifteen115.com\/fr\/wp-json\/wp\/v2\/pages"}],"about":[{"href":"https:\/\/onefifteen115.com\/fr\/wp-json\/wp\/v2\/types\/page"}],"author":[{"embeddable":true,"href":"https:\/\/onefifteen115.com\/fr\/wp-json\/wp\/v2\/users\/232424069"}],"replies":[{"embeddable":true,"href":"https:\/\/onefifteen115.com\/fr\/wp-json\/wp\/v2\/comments?post=24299"}],"version-history":[{"count":38,"href":"https:\/\/onefifteen115.com\/fr\/wp-json\/wp\/v2\/pages\/24299\/revisions"}],"predecessor-version":[{"id":42310,"href":"https:\/\/onefifteen115.com\/fr\/wp-json\/wp\/v2\/pages\/24299\/revisions\/42310"}],"wp:attachment":[{"href":"https:\/\/onefifteen115.com\/fr\/wp-json\/wp\/v2\/media?parent=24299"}],"curies":[{"name":"wp","href":"https:\/\/api.w.org\/{rel}","templated":true}]}}