{"id":2690,"date":"2023-07-07T14:38:41","date_gmt":"2023-07-07T06:38:41","guid":{"rendered":"https:\/\/onefifteen115.com\/?page_id=2690"},"modified":"2024-11-21T11:38:18","modified_gmt":"2024-11-21T03:38:18","slug":"donne-ami-paris","status":"publish","type":"page","link":"https:\/\/onefifteen115.com\/it\/women-ami-paris\/","title":{"rendered":"Donne &gt; Ami Paris"},"content":{"rendered":"<div data-elementor-type=\"wp-page\" data-elementor-id=\"2690\" class=\"elementor elementor-2690\" data-elementor-post-type=\"page\">\n\t\t\t\t\t\t<section class=\"elementor-section elementor-top-section elementor-element elementor-element-03dc803 elementor-section-boxed elementor-section-height-default elementor-section-height-default\" data-id=\"03dc803\" data-element_type=\"section\" data-e-type=\"section\">\n\t\t\t\t\t\t<div class=\"elementor-container elementor-column-gap-default\">\n\t\t\t\t\t<div class=\"elementor-column elementor-col-100 elementor-top-column elementor-element elementor-element-823208e\" data-id=\"823208e\" data-element_type=\"column\" data-e-type=\"column\">\n\t\t\t<div class=\"elementor-widget-wrap elementor-element-populated\">\n\t\t\t\t\t\t<div class=\"elementor-element elementor-element-0c20a23 elementor-widget elementor-widget-spacer\" data-id=\"0c20a23\" data-element_type=\"widget\" data-e-type=\"widget\" data-widget_type=\"spacer.default\">\n\t\t\t\t<div class=\"elementor-widget-container\">\n\t\t\t\t\t\t\t<div class=\"elementor-spacer\">\n\t\t\t<div class=\"elementor-spacer-inner\"><\/div>\n\t\t<\/div>\n\t\t\t\t\t\t<\/div>\n\t\t\t\t<\/div>\n\t\t\t\t\t<\/div>\n\t\t<\/div>\n\t\t\t\t\t<\/div>\n\t\t<\/section>\n\t\t\t\t<section class=\"elementor-section elementor-top-section elementor-element elementor-element-a06b2a9 elementor-section-boxed elementor-section-height-default elementor-section-height-default\" data-id=\"a06b2a9\" data-element_type=\"section\" data-e-type=\"section\">\n\t\t\t\t\t\t<div class=\"elementor-container elementor-column-gap-default\">\n\t\t\t\t\t<div class=\"elementor-column elementor-col-100 elementor-top-column elementor-element elementor-element-68b0b16\" data-id=\"68b0b16\" data-element_type=\"column\" data-e-type=\"column\">\n\t\t\t<div class=\"elementor-widget-wrap elementor-element-populated\">\n\t\t\t\t\t\t<div class=\"elementor-element elementor-element-26cc911 elementor-widget elementor-widget-text-editor\" data-id=\"26cc911\" data-element_type=\"widget\" data-e-type=\"widget\" data-widget_type=\"text-editor.default\">\n\t\t\t\t<div class=\"elementor-widget-container\">\n\t\t\t\t\t\t\t\t\t<p><a href=\"https:\/\/onefifteen115.com\/it\/marche\/\">Marche<\/a> &gt; <a href=\"https:\/\/onefifteen115.com\/it\/marchi-donna\/\">Donne<\/a> &gt; Ami Paris<\/p>\t\t\t\t\t\t\t\t<\/div>\n\t\t\t\t<\/div>\n\t\t\t\t\t<\/div>\n\t\t<\/div>\n\t\t\t\t\t<\/div>\n\t\t<\/section>\n\t\t\t\t<section class=\"elementor-section elementor-top-section elementor-element elementor-element-50874b0 elementor-section-boxed elementor-section-height-default elementor-section-height-default\" data-id=\"50874b0\" data-element_type=\"section\" data-e-type=\"section\">\n\t\t\t\t\t\t<div class=\"elementor-container elementor-column-gap-default\">\n\t\t\t\t\t<div class=\"elementor-column elementor-col-100 elementor-top-column elementor-element elementor-element-5dd9048\" data-id=\"5dd9048\" data-element_type=\"column\" data-e-type=\"column\">\n\t\t\t<div class=\"elementor-widget-wrap elementor-element-populated\">\n\t\t\t\t\t\t<div class=\"elementor-element elementor-element-f05ef7b elementor-widget elementor-widget-image\" data-id=\"f05ef7b\" data-element_type=\"widget\" data-e-type=\"widget\" data-widget_type=\"image.default\">\n\t\t\t\t<div class=\"elementor-widget-container\">\n\t\t\t\t\t\t\t\t\t\t\t\t\t\t\t<img fetchpriority=\"high\" decoding=\"async\" data-attachment-id=\"26668\" data-permalink=\"https:\/\/onefifteen115.com\/it\/women-ami-paris\/ami-27\/\" data-orig-file=\"https:\/\/i0.wp.com\/onefifteen115.com\/wp-content\/uploads\/2024\/02\/AMI-2.jpg?fit=1250%2C650&amp;ssl=1\" data-orig-size=\"1250,650\" data-comments-opened=\"1\" data-image-meta=\"{&quot;aperture&quot;:&quot;0&quot;,&quot;credit&quot;:&quot;&quot;,&quot;camera&quot;:&quot;&quot;,&quot;caption&quot;:&quot;&quot;,&quot;created_timestamp&quot;:&quot;0&quot;,&quot;copyright&quot;:&quot;&quot;,&quot;focal_length&quot;:&quot;0&quot;,&quot;iso&quot;:&quot;0&quot;,&quot;shutter_speed&quot;:&quot;0&quot;,&quot;title&quot;:&quot;&quot;,&quot;orientation&quot;:&quot;0&quot;}\" data-image-title=\"AMI\" data-image-description=\"\" data-image-caption=\"\" data-large-file=\"https:\/\/i0.wp.com\/onefifteen115.com\/wp-content\/uploads\/2024\/02\/AMI-2.jpg?fit=1024%2C532&amp;ssl=1\" width=\"1250\" height=\"650\" src=\"https:\/\/i0.wp.com\/onefifteen115.com\/wp-content\/uploads\/2024\/02\/AMI-2.jpg?fit=1250%2C650&amp;ssl=1\" class=\"attachment-full size-full wp-image-26668\" alt=\"\" srcset=\"https:\/\/i0.wp.com\/onefifteen115.com\/wp-content\/uploads\/2024\/02\/AMI-2.jpg?w=1250&amp;ssl=1 1250w, https:\/\/i0.wp.com\/onefifteen115.com\/wp-content\/uploads\/2024\/02\/AMI-2.jpg?resize=300%2C156&amp;ssl=1 300w, https:\/\/i0.wp.com\/onefifteen115.com\/wp-content\/uploads\/2024\/02\/AMI-2.jpg?resize=1024%2C532&amp;ssl=1 1024w, https:\/\/i0.wp.com\/onefifteen115.com\/wp-content\/uploads\/2024\/02\/AMI-2.jpg?resize=768%2C399&amp;ssl=1 768w, https:\/\/i0.wp.com\/onefifteen115.com\/wp-content\/uploads\/2024\/02\/AMI-2.jpg?resize=1200%2C624&amp;ssl=1 1200w\" sizes=\"(max-width: 1250px) 100vw, 1250px\" \/>\t\t\t\t\t\t\t\t\t\t\t\t\t\t\t<\/div>\n\t\t\t\t<\/div>\n\t\t\t\t\t<\/div>\n\t\t<\/div>\n\t\t\t\t\t<\/div>\n\t\t<\/section>\n\t\t\t\t<section class=\"elementor-section elementor-top-section elementor-element elementor-element-e83d71f elementor-section-boxed elementor-section-height-default elementor-section-height-default\" data-id=\"e83d71f\" data-element_type=\"section\" data-e-type=\"section\">\n\t\t\t\t\t\t<div class=\"elementor-container elementor-column-gap-default\">\n\t\t\t\t\t<div class=\"elementor-column elementor-col-100 elementor-top-column elementor-element elementor-element-772d1bb\" data-id=\"772d1bb\" data-element_type=\"column\" data-e-type=\"column\">\n\t\t\t<div class=\"elementor-widget-wrap elementor-element-populated\">\n\t\t\t\t\t\t<div class=\"elementor-element elementor-element-ad53fcc elementor-widget elementor-widget-spacer\" data-id=\"ad53fcc\" data-element_type=\"widget\" data-e-type=\"widget\" data-widget_type=\"spacer.default\">\n\t\t\t\t<div class=\"elementor-widget-container\">\n\t\t\t\t\t\t\t<div class=\"elementor-spacer\">\n\t\t\t<div class=\"elementor-spacer-inner\"><\/div>\n\t\t<\/div>\n\t\t\t\t\t\t<\/div>\n\t\t\t\t<\/div>\n\t\t\t\t\t<\/div>\n\t\t<\/div>\n\t\t\t\t\t<\/div>\n\t\t<\/section>\n\t\t\t\t<section class=\"elementor-section elementor-top-section elementor-element elementor-element-2a7a9c1 elementor-section-full_width elementor-section-height-default elementor-section-height-default\" data-id=\"2a7a9c1\" data-element_type=\"section\" data-e-type=\"section\">\n\t\t\t\t\t\t<div class=\"elementor-container elementor-column-gap-default\">\n\t\t\t\t\t<div class=\"elementor-column elementor-col-100 elementor-top-column elementor-element elementor-element-80951c3\" data-id=\"80951c3\" data-element_type=\"column\" data-e-type=\"column\">\n\t\t\t<div class=\"elementor-widget-wrap elementor-element-populated\">\n\t\t\t\t\t\t<div class=\"elementor-element elementor-element-c39e3e6 elementor-widget elementor-widget-heading\" data-id=\"c39e3e6\" data-element_type=\"widget\" data-e-type=\"widget\" data-widget_type=\"heading.default\">\n\t\t\t\t<div class=\"elementor-widget-container\">\n\t\t\t\t\t<h2 class=\"elementor-heading-title elementor-size-large\">AMI PARIGI<\/h2>\t\t\t\t<\/div>\n\t\t\t\t<\/div>\n\t\t\t\t\t<\/div>\n\t\t<\/div>\n\t\t\t\t\t<\/div>\n\t\t<\/section>\n\t\t\t\t<section class=\"elementor-section elementor-top-section elementor-element elementor-element-702bcbe elementor-section-stretched elementor-section-boxed elementor-section-height-default elementor-section-height-default\" data-id=\"702bcbe\" data-element_type=\"section\" data-e-type=\"section\" data-settings=\"{&quot;stretch_section&quot;:&quot;section-stretched&quot;}\">\n\t\t\t\t\t\t<div class=\"elementor-container elementor-column-gap-default\">\n\t\t\t\t\t<div class=\"elementor-column elementor-col-100 elementor-top-column elementor-element elementor-element-e37f3d3\" data-id=\"e37f3d3\" data-element_type=\"column\" data-e-type=\"column\">\n\t\t\t<div class=\"elementor-widget-wrap elementor-element-populated\">\n\t\t\t\t\t\t<div class=\"elementor-element elementor-element-a56246d elementor-widget elementor-widget-text-editor\" data-id=\"a56246d\" data-element_type=\"widget\" data-e-type=\"widget\" data-widget_type=\"text-editor.default\">\n\t\t\t\t<div class=\"elementor-widget-container\">\n\t\t\t\t\t\t\t\t\t<p>AMI significa \u201damico\u201d in francese ed \u00e8 la combinazione delle iniziali dello stilista e fondatore Alexandre Mattiussi, che ha frequentato la Duperr\u00e9 Fashion Design School di Parigi e ha un curriculum glamour, avendo fatto uno stage da Dior Homme e poi come assistente capo del designer di Givenchy Menswear e Marc Jacobs Menswear. Alexandre, che ha studiato alla Duperr\u00e9 School of Fashion Design di Parigi, ha un curriculum glamour che comprende uno stage da Dior Homme, un periodo come assistente capo di Givenchy e un periodo come stilista uomo da Marc Jacobs, prima di lanciare il proprio marchio nel 2011 all'et\u00e0 di 30 anni. AMI \u00e8 sinonimo di un atteggiamento rilassato, autentico e amichevole nei confronti della moda e trasmette uno stile parigino giovane e rilassato attraverso le sue silhouette di alta gamma, dal capo pi\u00f9 popolare del marchio, \"AMI De Coeur\", che \u00e8 costituito da un cuore d'amore con una A; al suo iconico logo \"A\". Dal best-seller \"AMI De Coeur\", caratterizzato da un cuore d'amore con la \"A\" maiuscola, allo slogan pi\u00f9 usato del marchio \"We Are F.AMI.LY\", tutti questi elementi riecheggiano il DNA del marchio AMI, che \u00e8 la ragione per cui AMI \u00e8 cos\u00ec affascinante.\u00a0<\/p><p>La collezione Primavera\/Estate 2024 \u00e8 fedele alla filosofia di base del marchio: abbattere i confini tra chic e casual, pur mantenendo l'innocenza, la morbidezza e la poesia originali. Grazie a una sartoria impeccabile e a tessuti di alta qualit\u00e0, le silhouette sono elegantemente fluide, con colori morbidi e naturali che contrastano con toni pi\u00f9 accesi, creando un'estetica fresca ed elegante allo stesso tempo.<\/p>\t\t\t\t\t\t\t\t<\/div>\n\t\t\t\t<\/div>\n\t\t\t\t\t<\/div>\n\t\t<\/div>\n\t\t\t\t\t<\/div>\n\t\t<\/section>\n\t\t\t\t<section class=\"elementor-section elementor-top-section elementor-element elementor-element-13a81237 elementor-section-boxed elementor-section-height-default elementor-section-height-default\" data-id=\"13a81237\" data-element_type=\"section\" data-e-type=\"section\">\n\t\t\t\t\t\t<div class=\"elementor-container elementor-column-gap-default\">\n\t\t\t\t\t<div class=\"elementor-column elementor-col-100 elementor-top-column elementor-element elementor-element-68b3f925\" data-id=\"68b3f925\" data-element_type=\"column\" data-e-type=\"column\">\n\t\t\t<div class=\"elementor-widget-wrap elementor-element-populated\">\n\t\t\t\t\t\t<div class=\"elementor-element elementor-element-57f15631 elementor-align-center elementor-widget elementor-widget-button\" data-id=\"57f15631\" data-element_type=\"widget\" data-e-type=\"widget\" data-widget_type=\"button.default\">\n\t\t\t\t<div class=\"elementor-widget-container\">\n\t\t\t\t\t\t\t\t\t<div class=\"elementor-button-wrapper\">\n\t\t\t\t\t<a class=\"elementor-button elementor-button-link elementor-size-xs\" href=\"https:\/\/www.farfetch.com\/hk\/shopping\/women\/one-fifteen\/items.aspx?page=1&#038;view=96&#038;sort=3&#038;scale=274&#038;designer=228660\" target=\"_blank\">\n\t\t\t\t\t\t<span class=\"elementor-button-content-wrapper\">\n\t\t\t\t\t\t<span class=\"elementor-button-icon\">\n\t\t\t\t<i aria-hidden=\"true\" class=\"fas fa-shopping-cart\"><\/i>\t\t\t<\/span>\n\t\t\t\t\t\t\t\t\t<span class=\"elementor-button-text\">ACQUISTA ORA<\/span>\n\t\t\t\t\t<\/span>\n\t\t\t\t\t<\/a>\n\t\t\t\t<\/div>\n\t\t\t\t\t\t\t\t<\/div>\n\t\t\t\t<\/div>\n\t\t\t\t\t<\/div>\n\t\t<\/div>\n\t\t\t\t\t<\/div>\n\t\t<\/section>\n\t\t\t\t<section class=\"elementor-section elementor-top-section elementor-element elementor-element-2a94714 elementor-section-boxed elementor-section-height-default elementor-section-height-default\" data-id=\"2a94714\" data-element_type=\"section\" data-e-type=\"section\">\n\t\t\t\t\t\t<div class=\"elementor-container elementor-column-gap-default\">\n\t\t\t\t\t<div class=\"elementor-column elementor-col-100 elementor-top-column elementor-element elementor-element-8924715\" data-id=\"8924715\" data-element_type=\"column\" data-e-type=\"column\">\n\t\t\t<div class=\"elementor-widget-wrap elementor-element-populated\">\n\t\t\t\t\t\t<div class=\"elementor-element elementor-element-503a9a0 elementor-widget elementor-widget-spacer\" data-id=\"503a9a0\" data-element_type=\"widget\" data-e-type=\"widget\" data-widget_type=\"spacer.default\">\n\t\t\t\t<div class=\"elementor-widget-container\">\n\t\t\t\t\t\t\t<div class=\"elementor-spacer\">\n\t\t\t<div class=\"elementor-spacer-inner\"><\/div>\n\t\t<\/div>\n\t\t\t\t\t\t<\/div>\n\t\t\t\t<\/div>\n\t\t\t\t<div class=\"elementor-element elementor-element-be103d7 elementor-arrows-position-inside elementor-pagination-position-outside elementor-widget elementor-widget-image-carousel\" data-id=\"be103d7\" data-element_type=\"widget\" data-e-type=\"widget\" data-settings=\"{&quot;slides_to_show&quot;:&quot;4&quot;,&quot;slides_to_show_mobile&quot;:&quot;2&quot;,&quot;navigation&quot;:&quot;both&quot;,&quot;autoplay&quot;:&quot;yes&quot;,&quot;pause_on_hover&quot;:&quot;yes&quot;,&quot;pause_on_interaction&quot;:&quot;yes&quot;,&quot;autoplay_speed&quot;:5000,&quot;infinite&quot;:&quot;yes&quot;,&quot;speed&quot;:500}\" data-widget_type=\"image-carousel.default\">\n\t\t\t\t<div class=\"elementor-widget-container\">\n\t\t\t\t\t\t\t<div class=\"elementor-image-carousel-wrapper swiper\" role=\"region\" aria-roledescription=\"carousel\" aria-label=\"Giradischi a immagine\" dir=\"ltr\">\n\t\t\t<div class=\"elementor-image-carousel swiper-wrapper\" aria-live=\"off\">\n\t\t\t\t\t\t\t\t<div class=\"swiper-slide\" role=\"group\" aria-roledescription=\"slide\" aria-label=\"1 di 18\"><figure class=\"swiper-slide-inner\"><img decoding=\"async\" class=\"swiper-slide-image\" src=\"https:\/\/i0.wp.com\/onefifteen115.com\/wp-content\/uploads\/2024\/02\/AMI-1-1.jpg?fit=560%2C842&amp;ssl=1\" alt=\"AMI-1\" \/><\/figure><\/div><div class=\"swiper-slide\" role=\"group\" aria-roledescription=\"slide\" aria-label=\"2 di 18\"><figure class=\"swiper-slide-inner\"><img decoding=\"async\" class=\"swiper-slide-image\" src=\"https:\/\/i0.wp.com\/onefifteen115.com\/wp-content\/uploads\/2024\/02\/AMI-2-1.jpg?fit=560%2C842&amp;ssl=1\" alt=\"AMI-2\" \/><\/figure><\/div><div class=\"swiper-slide\" role=\"group\" aria-roledescription=\"slide\" aria-label=\"3 di 18\"><figure class=\"swiper-slide-inner\"><img decoding=\"async\" class=\"swiper-slide-image\" src=\"https:\/\/i0.wp.com\/onefifteen115.com\/wp-content\/uploads\/2024\/02\/AMI-3.jpg?fit=560%2C842&amp;ssl=1\" alt=\"AMI-3\" \/><\/figure><\/div><div class=\"swiper-slide\" role=\"group\" aria-roledescription=\"slide\" aria-label=\"4 di 18\"><figure class=\"swiper-slide-inner\"><img decoding=\"async\" class=\"swiper-slide-image\" src=\"https:\/\/i0.wp.com\/onefifteen115.com\/wp-content\/uploads\/2024\/02\/AMI-4.jpg?fit=560%2C842&amp;ssl=1\" alt=\"AMI-4\" \/><\/figure><\/div><div class=\"swiper-slide\" role=\"group\" aria-roledescription=\"slide\" aria-label=\"5 di 18\"><figure class=\"swiper-slide-inner\"><img decoding=\"async\" class=\"swiper-slide-image\" src=\"https:\/\/i0.wp.com\/onefifteen115.com\/wp-content\/uploads\/2024\/02\/AMI-5.jpg?fit=560%2C842&amp;ssl=1\" alt=\"AMI-5\" \/><\/figure><\/div><div class=\"swiper-slide\" role=\"group\" aria-roledescription=\"slide\" aria-label=\"6 di 18\"><figure class=\"swiper-slide-inner\"><img decoding=\"async\" class=\"swiper-slide-image\" src=\"https:\/\/i0.wp.com\/onefifteen115.com\/wp-content\/uploads\/2024\/02\/AMI-6.jpg?fit=560%2C842&amp;ssl=1\" alt=\"AMI-6\" \/><\/figure><\/div><div class=\"swiper-slide\" role=\"group\" aria-roledescription=\"slide\" aria-label=\"7 di 18\"><figure class=\"swiper-slide-inner\"><img decoding=\"async\" class=\"swiper-slide-image\" src=\"https:\/\/i0.wp.com\/onefifteen115.com\/wp-content\/uploads\/2024\/02\/AMI-7.jpg?fit=560%2C842&amp;ssl=1\" alt=\"AMI-7\" \/><\/figure><\/div><div class=\"swiper-slide\" role=\"group\" aria-roledescription=\"slide\" aria-label=\"8 di 18\"><figure class=\"swiper-slide-inner\"><img decoding=\"async\" class=\"swiper-slide-image\" src=\"https:\/\/i0.wp.com\/onefifteen115.com\/wp-content\/uploads\/2024\/02\/AMI-8.jpg?fit=560%2C842&amp;ssl=1\" alt=\"AMI-8\" \/><\/figure><\/div><div class=\"swiper-slide\" role=\"group\" aria-roledescription=\"slide\" aria-label=\"9 di 18\"><figure class=\"swiper-slide-inner\"><img decoding=\"async\" class=\"swiper-slide-image\" src=\"https:\/\/i0.wp.com\/onefifteen115.com\/wp-content\/uploads\/2024\/02\/AMI-9.jpg?fit=560%2C842&amp;ssl=1\" alt=\"AMI-9\" \/><\/figure><\/div><div class=\"swiper-slide\" role=\"group\" aria-roledescription=\"slide\" aria-label=\"10 di 18\"><figure class=\"swiper-slide-inner\"><img decoding=\"async\" class=\"swiper-slide-image\" src=\"https:\/\/i0.wp.com\/onefifteen115.com\/wp-content\/uploads\/2024\/02\/AMI-10.jpg?fit=560%2C842&amp;ssl=1\" alt=\"AMI-10\" \/><\/figure><\/div><div class=\"swiper-slide\" role=\"group\" aria-roledescription=\"slide\" aria-label=\"11 di 18\"><figure class=\"swiper-slide-inner\"><img decoding=\"async\" class=\"swiper-slide-image\" src=\"https:\/\/i0.wp.com\/onefifteen115.com\/wp-content\/uploads\/2024\/02\/AMI-11.jpg?fit=560%2C842&amp;ssl=1\" alt=\"AMI-11\" \/><\/figure><\/div><div class=\"swiper-slide\" role=\"group\" aria-roledescription=\"slide\" aria-label=\"12 di 18\"><figure class=\"swiper-slide-inner\"><img decoding=\"async\" class=\"swiper-slide-image\" src=\"https:\/\/i0.wp.com\/onefifteen115.com\/wp-content\/uploads\/2024\/02\/AMI-12.jpg?fit=560%2C842&amp;ssl=1\" alt=\"AMI-12\" \/><\/figure><\/div><div class=\"swiper-slide\" role=\"group\" aria-roledescription=\"slide\" aria-label=\"13 di 18\"><figure class=\"swiper-slide-inner\"><img decoding=\"async\" class=\"swiper-slide-image\" src=\"https:\/\/i0.wp.com\/onefifteen115.com\/wp-content\/uploads\/2024\/02\/AMI-13.jpg?fit=560%2C842&amp;ssl=1\" alt=\"AMI-13\" \/><\/figure><\/div><div class=\"swiper-slide\" role=\"group\" aria-roledescription=\"slide\" aria-label=\"14 di 18\"><figure class=\"swiper-slide-inner\"><img decoding=\"async\" class=\"swiper-slide-image\" src=\"https:\/\/i0.wp.com\/onefifteen115.com\/wp-content\/uploads\/2024\/02\/AMI-14.jpg?fit=560%2C842&amp;ssl=1\" alt=\"AMI-14\" \/><\/figure><\/div><div class=\"swiper-slide\" role=\"group\" aria-roledescription=\"slide\" aria-label=\"15 di 18\"><figure class=\"swiper-slide-inner\"><img decoding=\"async\" class=\"swiper-slide-image\" src=\"https:\/\/i0.wp.com\/onefifteen115.com\/wp-content\/uploads\/2024\/02\/AMI-15.jpg?fit=560%2C842&amp;ssl=1\" alt=\"AMI-15\" \/><\/figure><\/div><div class=\"swiper-slide\" role=\"group\" aria-roledescription=\"slide\" aria-label=\"16 di 18\"><figure class=\"swiper-slide-inner\"><img decoding=\"async\" class=\"swiper-slide-image\" src=\"https:\/\/i0.wp.com\/onefifteen115.com\/wp-content\/uploads\/2024\/02\/AMI-16.jpg?fit=560%2C842&amp;ssl=1\" alt=\"AMI-16\" \/><\/figure><\/div><div class=\"swiper-slide\" role=\"group\" aria-roledescription=\"slide\" aria-label=\"17 di 18\"><figure class=\"swiper-slide-inner\"><img decoding=\"async\" class=\"swiper-slide-image\" src=\"https:\/\/i0.wp.com\/onefifteen115.com\/wp-content\/uploads\/2024\/02\/AMI-17.jpg?fit=560%2C842&amp;ssl=1\" alt=\"AMI-17\" \/><\/figure><\/div><div class=\"swiper-slide\" role=\"group\" aria-roledescription=\"slide\" aria-label=\"18 di 18\"><figure class=\"swiper-slide-inner\"><img decoding=\"async\" class=\"swiper-slide-image\" src=\"https:\/\/i0.wp.com\/onefifteen115.com\/wp-content\/uploads\/2024\/02\/AMI-18.jpg?fit=560%2C842&amp;ssl=1\" alt=\"AMI-18\" \/><\/figure><\/div>\t\t\t<\/div>\n\t\t\t\t\t\t\t\t\t\t\t\t<div class=\"elementor-swiper-button elementor-swiper-button-prev\" role=\"button\" tabindex=\"0\">\n\t\t\t\t\t\t<i aria-hidden=\"true\" class=\"eicon-chevron-left\"><\/i>\t\t\t\t\t<\/div>\n\t\t\t\t\t<div class=\"elementor-swiper-button elementor-swiper-button-next\" role=\"button\" tabindex=\"0\">\n\t\t\t\t\t\t<i aria-hidden=\"true\" class=\"eicon-chevron-right\"><\/i>\t\t\t\t\t<\/div>\n\t\t\t\t\n\t\t\t\t\t\t\t\t\t<div class=\"swiper-pagination\"><\/div>\n\t\t\t\t\t\t\t\t\t<\/div>\n\t\t\t\t\t\t<\/div>\n\t\t\t\t<\/div>\n\t\t\t\t\t<\/div>\n\t\t<\/div>\n\t\t\t\t\t<\/div>\n\t\t<\/section>\n\t\t\t\t<\/div>","protected":false},"excerpt":{"rendered":"<p>Brands &gt; Women &#038;g [&hellip;]<\/p>\n","protected":false},"author":232424058,"featured_media":0,"parent":0,"menu_order":0,"comment_status":"closed","ping_status":"closed","template":"","meta":{"_crdt_document":"","site-sidebar-layout":"no-sidebar","site-content-layout":"page-builder","ast-site-content-layout":"full-width-container","site-content-style":"unboxed","site-sidebar-style":"unboxed","ast-global-header-display":"","ast-banner-title-visibility":"","ast-main-header-display":"","ast-hfb-above-header-display":"","ast-hfb-below-header-display":"","ast-hfb-mobile-header-display":"","site-post-title":"disabled","ast-breadcrumbs-content":"","ast-featured-img":"disabled","footer-sml-layout":"","ast-disable-related-posts":"","theme-transparent-header-meta":"default","adv-header-id-meta":"","stick-header-meta":"default","header-above-stick-meta":"","header-main-stick-meta":"","header-below-stick-meta":"","astra-migrate-meta-layouts":"set","ast-page-background-enabled":"default","ast-page-background-meta":{"desktop":{"background-color":"var(--ast-global-color-4)","background-image":"","background-repeat":"repeat","background-position":"center center","background-size":"auto","background-attachment":"scroll","background-type":"","background-media":"","overlay-type":"","overlay-color":"","overlay-opacity":"","overlay-gradient":""},"tablet":{"background-color":"","background-image":"","background-repeat":"repeat","background-position":"center center","background-size":"auto","background-attachment":"scroll","background-type":"","background-media":"","overlay-type":"","overlay-color":"","overlay-opacity":"","overlay-gradient":""},"mobile":{"background-color":"","background-image":"","background-repeat":"repeat","background-position":"center center","background-size":"auto","background-attachment":"scroll","background-type":"","background-media":"","overlay-type":"","overlay-color":"","overlay-opacity":"","overlay-gradient":""}},"ast-content-background-meta":{"desktop":{"background-color":"var(--ast-global-color-5)","background-image":"","background-repeat":"repeat","background-position":"center center","background-size":"auto","background-attachment":"scroll","background-type":"","background-media":"","overlay-type":"","overlay-color":"","overlay-opacity":"","overlay-gradient":""},"tablet":{"background-color":"var(--ast-global-color-5)","background-image":"","background-repeat":"repeat","background-position":"center center","background-size":"auto","background-attachment":"scroll","background-type":"","background-media":"","overlay-type":"","overlay-color":"","overlay-opacity":"","overlay-gradient":""},"mobile":{"background-color":"var(--ast-global-color-5)","background-image":"","background-repeat":"repeat","background-position":"center center","background-size":"auto","background-attachment":"scroll","background-type":"","background-media":"","overlay-type":"","overlay-color":"","overlay-opacity":"","overlay-gradient":""}},"advanced_seo_description":"","jetpack_seo_html_title":"","jetpack_seo_noindex":false,"footnotes":""},"class_list":["post-2690","page","type-page","status-publish","hentry"],"jetpack_likes_enabled":true,"jetpack_sharing_enabled":true,"jetpack_shortlink":"https:\/\/wp.me\/PeDfZ2-Ho","jetpack-related-posts":[],"_links":{"self":[{"href":"https:\/\/onefifteen115.com\/it\/wp-json\/wp\/v2\/pages\/2690","targetHints":{"allow":["GET"]}}],"collection":[{"href":"https:\/\/onefifteen115.com\/it\/wp-json\/wp\/v2\/pages"}],"about":[{"href":"https:\/\/onefifteen115.com\/it\/wp-json\/wp\/v2\/types\/page"}],"author":[{"embeddable":true,"href":"https:\/\/onefifteen115.com\/it\/wp-json\/wp\/v2\/users\/232424058"}],"replies":[{"embeddable":true,"href":"https:\/\/onefifteen115.com\/it\/wp-json\/wp\/v2\/comments?post=2690"}],"version-history":[{"count":100,"href":"https:\/\/onefifteen115.com\/it\/wp-json\/wp\/v2\/pages\/2690\/revisions"}],"predecessor-version":[{"id":38463,"href":"https:\/\/onefifteen115.com\/it\/wp-json\/wp\/v2\/pages\/2690\/revisions\/38463"}],"wp:attachment":[{"href":"https:\/\/onefifteen115.com\/it\/wp-json\/wp\/v2\/media?parent=2690"}],"curies":[{"name":"wp","href":"https:\/\/api.w.org\/{rel}","templated":true}]}}