{"id":7453,"date":"2023-08-10T11:56:10","date_gmt":"2023-08-10T03:56:10","guid":{"rendered":"https:\/\/onefifteen115.com\/?page_id=7453"},"modified":"2024-04-10T16:25:38","modified_gmt":"2024-04-10T08:25:38","slug":"pranzo-fradkof","status":"publish","type":"page","link":"https:\/\/onefifteen115.com\/it\/dining-fradkof\/","title":{"rendered":"Ristorazione &gt; Fradkof"},"content":{"rendered":"<div data-elementor-type=\"wp-page\" data-elementor-id=\"7453\" class=\"elementor elementor-7453\" data-elementor-post-type=\"page\">\n\t\t\t\t\t\t<section class=\"elementor-section elementor-top-section elementor-element elementor-element-823fd8c elementor-section-boxed elementor-section-height-default elementor-section-height-default\" data-id=\"823fd8c\" data-element_type=\"section\" data-e-type=\"section\">\n\t\t\t\t\t\t<div class=\"elementor-container elementor-column-gap-default\">\n\t\t\t\t\t<div class=\"elementor-column elementor-col-100 elementor-top-column elementor-element elementor-element-94f4700\" data-id=\"94f4700\" data-element_type=\"column\" data-e-type=\"column\">\n\t\t\t<div class=\"elementor-widget-wrap elementor-element-populated\">\n\t\t\t\t\t\t<div class=\"elementor-element elementor-element-7cff1e8 elementor-widget elementor-widget-spacer\" data-id=\"7cff1e8\" data-element_type=\"widget\" data-e-type=\"widget\" data-widget_type=\"spacer.default\">\n\t\t\t\t<div class=\"elementor-widget-container\">\n\t\t\t\t\t\t\t<div class=\"elementor-spacer\">\n\t\t\t<div class=\"elementor-spacer-inner\"><\/div>\n\t\t<\/div>\n\t\t\t\t\t\t<\/div>\n\t\t\t\t<\/div>\n\t\t\t\t\t<\/div>\n\t\t<\/div>\n\t\t\t\t\t<\/div>\n\t\t<\/section>\n\t\t\t\t<section class=\"elementor-section elementor-top-section elementor-element elementor-element-fe48ecf elementor-section-boxed elementor-section-height-default elementor-section-height-default\" data-id=\"fe48ecf\" data-element_type=\"section\" data-e-type=\"section\">\n\t\t\t\t\t\t<div class=\"elementor-container elementor-column-gap-default\">\n\t\t\t\t\t<div class=\"elementor-column elementor-col-100 elementor-top-column elementor-element elementor-element-60830f4\" data-id=\"60830f4\" data-element_type=\"column\" data-e-type=\"column\">\n\t\t\t<div class=\"elementor-widget-wrap elementor-element-populated\">\n\t\t\t\t\t\t<div class=\"elementor-element elementor-element-e88c758 elementor-widget elementor-widget-text-editor\" data-id=\"e88c758\" data-element_type=\"widget\" data-e-type=\"widget\" data-widget_type=\"text-editor.default\">\n\t\t\t\t<div class=\"elementor-widget-container\">\n\t\t\t\t\t\t\t\t\t<p><a href=\"https:\/\/onefifteen115.com\/it\/marche\/\">Marche<\/a> &gt; <a href=\"https:\/\/onefifteen115.com\/it\/marche-da-pranzo\/\">Pranzo<\/a> &gt; Fradkof<\/p>\t\t\t\t\t\t\t\t<\/div>\n\t\t\t\t<\/div>\n\t\t\t\t\t<\/div>\n\t\t<\/div>\n\t\t\t\t\t<\/div>\n\t\t<\/section>\n\t\t\t\t<section class=\"elementor-section elementor-top-section elementor-element elementor-element-f0fd110 elementor-section-boxed elementor-section-height-default elementor-section-height-default\" data-id=\"f0fd110\" data-element_type=\"section\" data-e-type=\"section\">\n\t\t\t\t\t\t<div class=\"elementor-container elementor-column-gap-default\">\n\t\t\t\t\t<div class=\"elementor-column elementor-col-100 elementor-top-column elementor-element elementor-element-4a61c01\" data-id=\"4a61c01\" data-element_type=\"column\" data-e-type=\"column\">\n\t\t\t<div class=\"elementor-widget-wrap elementor-element-populated\">\n\t\t\t\t\t\t<div class=\"elementor-element elementor-element-ab5b125 elementor-widget elementor-widget-image\" data-id=\"ab5b125\" data-element_type=\"widget\" data-e-type=\"widget\" data-widget_type=\"image.default\">\n\t\t\t\t<div class=\"elementor-widget-container\">\n\t\t\t\t\t\t\t\t\t\t\t\t\t\t\t<img fetchpriority=\"high\" decoding=\"async\" data-attachment-id=\"7458\" data-permalink=\"https:\/\/onefifteen115.com\/it\/dining-fradkof\/fradkof-1\/\" data-orig-file=\"https:\/\/i0.wp.com\/onefifteen115.com\/wp-content\/uploads\/2023\/08\/Fradkof-1.jpg?fit=1250%2C650&amp;ssl=1\" data-orig-size=\"1250,650\" data-comments-opened=\"1\" data-image-meta=\"{&quot;aperture&quot;:&quot;0&quot;,&quot;credit&quot;:&quot;&quot;,&quot;camera&quot;:&quot;&quot;,&quot;caption&quot;:&quot;&quot;,&quot;created_timestamp&quot;:&quot;0&quot;,&quot;copyright&quot;:&quot;&quot;,&quot;focal_length&quot;:&quot;0&quot;,&quot;iso&quot;:&quot;0&quot;,&quot;shutter_speed&quot;:&quot;0&quot;,&quot;title&quot;:&quot;&quot;,&quot;orientation&quot;:&quot;0&quot;}\" data-image-title=\"Fradkof-1\" data-image-description=\"\" data-image-caption=\"\" data-large-file=\"https:\/\/i0.wp.com\/onefifteen115.com\/wp-content\/uploads\/2023\/08\/Fradkof-1.jpg?fit=1024%2C532&amp;ssl=1\" width=\"1250\" height=\"650\" src=\"https:\/\/i0.wp.com\/onefifteen115.com\/wp-content\/uploads\/2023\/08\/Fradkof-1.jpg?fit=1250%2C650&amp;ssl=1\" class=\"attachment-full size-full wp-image-7458\" alt=\"\" srcset=\"https:\/\/i0.wp.com\/onefifteen115.com\/wp-content\/uploads\/2023\/08\/Fradkof-1.jpg?w=1250&amp;ssl=1 1250w, https:\/\/i0.wp.com\/onefifteen115.com\/wp-content\/uploads\/2023\/08\/Fradkof-1.jpg?resize=300%2C156&amp;ssl=1 300w, https:\/\/i0.wp.com\/onefifteen115.com\/wp-content\/uploads\/2023\/08\/Fradkof-1.jpg?resize=1024%2C532&amp;ssl=1 1024w, https:\/\/i0.wp.com\/onefifteen115.com\/wp-content\/uploads\/2023\/08\/Fradkof-1.jpg?resize=768%2C399&amp;ssl=1 768w, https:\/\/i0.wp.com\/onefifteen115.com\/wp-content\/uploads\/2023\/08\/Fradkof-1.jpg?resize=1200%2C624&amp;ssl=1 1200w\" sizes=\"(max-width: 1250px) 100vw, 1250px\" \/>\t\t\t\t\t\t\t\t\t\t\t\t\t\t\t<\/div>\n\t\t\t\t<\/div>\n\t\t\t\t<div class=\"elementor-element elementor-element-3d765d4 elementor-widget elementor-widget-spacer\" data-id=\"3d765d4\" data-element_type=\"widget\" data-e-type=\"widget\" data-widget_type=\"spacer.default\">\n\t\t\t\t<div class=\"elementor-widget-container\">\n\t\t\t\t\t\t\t<div class=\"elementor-spacer\">\n\t\t\t<div class=\"elementor-spacer-inner\"><\/div>\n\t\t<\/div>\n\t\t\t\t\t\t<\/div>\n\t\t\t\t<\/div>\n\t\t\t\t\t<\/div>\n\t\t<\/div>\n\t\t\t\t\t<\/div>\n\t\t<\/section>\n\t\t\t\t<section class=\"elementor-section elementor-top-section elementor-element elementor-element-96202ac elementor-section-full_width elementor-section-height-default elementor-section-height-default\" data-id=\"96202ac\" data-element_type=\"section\" data-e-type=\"section\">\n\t\t\t\t\t\t<div class=\"elementor-container elementor-column-gap-default\">\n\t\t\t\t\t<div class=\"elementor-column elementor-col-100 elementor-top-column elementor-element elementor-element-d65564f\" data-id=\"d65564f\" data-element_type=\"column\" data-e-type=\"column\">\n\t\t\t<div class=\"elementor-widget-wrap elementor-element-populated\">\n\t\t\t\t\t\t<div class=\"elementor-element elementor-element-37b5f7a elementor-widget elementor-widget-heading\" data-id=\"37b5f7a\" data-element_type=\"widget\" data-e-type=\"widget\" data-widget_type=\"heading.default\">\n\t\t\t\t<div class=\"elementor-widget-container\">\n\t\t\t\t\t<h2 class=\"elementor-heading-title elementor-size-large\">FRADKOF<\/h2>\t\t\t\t<\/div>\n\t\t\t\t<\/div>\n\t\t\t\t\t<\/div>\n\t\t<\/div>\n\t\t\t\t\t<\/div>\n\t\t<\/section>\n\t\t\t\t<section class=\"elementor-section elementor-top-section elementor-element elementor-element-5ea092b elementor-section-boxed elementor-section-height-default elementor-section-height-default\" data-id=\"5ea092b\" data-element_type=\"section\" data-e-type=\"section\">\n\t\t\t\t\t\t<div class=\"elementor-container elementor-column-gap-default\">\n\t\t\t\t\t<div class=\"elementor-column elementor-col-100 elementor-top-column elementor-element elementor-element-477b265\" data-id=\"477b265\" data-element_type=\"column\" data-e-type=\"column\">\n\t\t\t<div class=\"elementor-widget-wrap elementor-element-populated\">\n\t\t\t\t\t\t<div class=\"elementor-element elementor-element-d5df728 elementor-widget elementor-widget-text-editor\" data-id=\"d5df728\" data-element_type=\"widget\" data-e-type=\"widget\" data-widget_type=\"text-editor.default\">\n\t\t\t\t<div class=\"elementor-widget-container\">\n\t\t\t\t\t\t\t\t\t<p>Limoges Limoges, \u00e8 una famosa citt\u00e0 storica e culturale in Francia, nel 18 \u00b0 secolo \u00e8 diventato il centro della produzione di ceramiche artigianali francesi boutique, non solo \u00e8 la capitale della ceramica della Francia, \u00e8 anche conosciuto come Jingdezhen Europa, e FRADKOF \u00e8 l'ultimo locale Limoges aderire alle applicazioni fatte a mano del marchio francese di porcellana di alta qualit\u00e0.<br \/>Fin dalla sua creazione nel 2008, la fondatrice Michelange Fradkof ha dimostrato la sua passione per l'arte attraverso la squisita porcellana bianca e i delicati dettagli decorativi. Non solo \u00e8 affascinata dall'artigianato tradizionale, ma insiste nel dipingere a mano ogni nuova creazione FRADKOF, e ogni applicazione a mano non \u00e8 fatta da nessun altro, e le ci sono voluti 25 anni per creare la tecnica dei rilievi di colore. Ha impiegato 25 anni per creare la tecnica dei rilievi a colori ed \u00e8 specializzata nell'utilizzo di pietre preziose, perle e animali come ispirazione per i suoi disegni, che poi traduce sulla porcellana bianca, dando alla porcellana di Limoges l'effetto visivo di pietre preziose intarsiate.<br \/>FRADKOF ha sempre assunto l'eleganza francese, la consistenza e la tecnologia esclusiva come idea centrale del marchio, e attraverso una serie di porcellane dallo stile squisito e semplice per interpretare perfettamente lo spirito della vita francese \u00e8 l'art-de-vivre, i colori esclusivi in rilievo di FRADKOF, l'eccellente tecnologia e l'esperto team di lavorazione artigianale, hanno permesso al marchio di avere una posizione di leadership nel campo dell'arte della porcellana di Limoges. Gli esclusivi colori in rilievo, l'eccellenza tecnica e l'abilit\u00e0 artigianale dell'esperto team di FRADKOF hanno permesso al marchio di avere una posizione di leadership nel campo dell'arte della porcellana di Limoges, molto apprezzata dai collezionisti di tutto il mondo per la sua meticolosa attenzione ai dettagli, dalla confezione all'interno del prodotto.<\/p>\t\t\t\t\t\t\t\t<\/div>\n\t\t\t\t<\/div>\n\t\t\t\t\t<\/div>\n\t\t<\/div>\n\t\t\t\t\t<\/div>\n\t\t<\/section>\n\t\t\t\t<section class=\"elementor-section elementor-top-section elementor-element elementor-element-113202ad elementor-section-boxed elementor-section-height-default elementor-section-height-default\" data-id=\"113202ad\" data-element_type=\"section\" data-e-type=\"section\">\n\t\t\t\t\t\t<div class=\"elementor-container elementor-column-gap-default\">\n\t\t\t\t\t<div class=\"elementor-column elementor-col-100 elementor-top-column elementor-element elementor-element-34a88b13\" data-id=\"34a88b13\" data-element_type=\"column\" data-e-type=\"column\">\n\t\t\t<div class=\"elementor-widget-wrap elementor-element-populated\">\n\t\t\t\t\t\t<div class=\"elementor-element elementor-element-14b9d18d elementor-align-center elementor-widget elementor-widget-button\" data-id=\"14b9d18d\" data-element_type=\"widget\" data-e-type=\"widget\" data-widget_type=\"button.default\">\n\t\t\t\t<div class=\"elementor-widget-container\">\n\t\t\t\t\t\t\t\t\t<div class=\"elementor-button-wrapper\">\n\t\t\t\t\t<a class=\"elementor-button elementor-button-link elementor-size-xs\" href=\"https:\/\/onefifteen115.com\/it\/negozi\/\">\n\t\t\t\t\t\t<span class=\"elementor-button-content-wrapper\">\n\t\t\t\t\t\t<span class=\"elementor-button-icon\">\n\t\t\t\t<i aria-hidden=\"true\" class=\"fas fa-shopping-cart\"><\/i>\t\t\t<\/span>\n\t\t\t\t\t\t\t\t\t<span class=\"elementor-button-text\">Contatto<\/span>\n\t\t\t\t\t<\/span>\n\t\t\t\t\t<\/a>\n\t\t\t\t<\/div>\n\t\t\t\t\t\t\t\t<\/div>\n\t\t\t\t<\/div>\n\t\t\t\t\t<\/div>\n\t\t<\/div>\n\t\t\t\t\t<\/div>\n\t\t<\/section>\n\t\t\t\t<section class=\"elementor-section elementor-top-section elementor-element elementor-element-fc0e6cc elementor-section-boxed elementor-section-height-default elementor-section-height-default\" data-id=\"fc0e6cc\" data-element_type=\"section\" data-e-type=\"section\">\n\t\t\t\t\t\t<div class=\"elementor-container elementor-column-gap-default\">\n\t\t\t\t\t<div class=\"elementor-column elementor-col-100 elementor-top-column elementor-element elementor-element-d031ccb\" data-id=\"d031ccb\" data-element_type=\"column\" data-e-type=\"column\">\n\t\t\t<div class=\"elementor-widget-wrap elementor-element-populated\">\n\t\t\t\t\t\t<div class=\"elementor-element elementor-element-8b58d19 elementor-arrows-position-inside elementor-pagination-position-outside elementor-widget elementor-widget-image-carousel\" data-id=\"8b58d19\" data-element_type=\"widget\" data-e-type=\"widget\" data-settings=\"{&quot;slides_to_show&quot;:&quot;4&quot;,&quot;slides_to_show_mobile&quot;:&quot;2&quot;,&quot;navigation&quot;:&quot;both&quot;,&quot;autoplay&quot;:&quot;yes&quot;,&quot;pause_on_hover&quot;:&quot;yes&quot;,&quot;pause_on_interaction&quot;:&quot;yes&quot;,&quot;autoplay_speed&quot;:5000,&quot;infinite&quot;:&quot;yes&quot;,&quot;speed&quot;:500}\" data-widget_type=\"image-carousel.default\">\n\t\t\t\t<div class=\"elementor-widget-container\">\n\t\t\t\t\t\t\t<div class=\"elementor-image-carousel-wrapper swiper\" role=\"region\" aria-roledescription=\"carousel\" aria-label=\"Giradischi a immagine\" dir=\"ltr\">\n\t\t\t<div class=\"elementor-image-carousel swiper-wrapper\" aria-live=\"off\">\n\t\t\t\t\t\t\t\t<div class=\"swiper-slide\" role=\"group\" aria-roledescription=\"slide\" aria-label=\"1 di 9\"><figure class=\"swiper-slide-inner\"><img decoding=\"async\" class=\"swiper-slide-image\" src=\"https:\/\/i0.wp.com\/onefifteen115.com\/wp-content\/uploads\/2023\/08\/Fradkof-7.jpg?fit=560%2C560&amp;ssl=1\" alt=\"Fradkof-7\" \/><\/figure><\/div><div class=\"swiper-slide\" role=\"group\" aria-roledescription=\"slide\" aria-label=\"2 di 9\"><figure class=\"swiper-slide-inner\"><img decoding=\"async\" class=\"swiper-slide-image\" src=\"https:\/\/i0.wp.com\/onefifteen115.com\/wp-content\/uploads\/2023\/08\/Fradkof-8.jpg?fit=560%2C560&amp;ssl=1\" alt=\"Fradkof-8\" \/><\/figure><\/div><div class=\"swiper-slide\" role=\"group\" aria-roledescription=\"slide\" aria-label=\"3 di 9\"><figure class=\"swiper-slide-inner\"><img decoding=\"async\" class=\"swiper-slide-image\" src=\"https:\/\/i0.wp.com\/onefifteen115.com\/wp-content\/uploads\/2023\/08\/Fradkof-4.jpg?fit=560%2C560&amp;ssl=1\" alt=\"Fradkof-4\" \/><\/figure><\/div><div class=\"swiper-slide\" role=\"group\" aria-roledescription=\"slide\" aria-label=\"4 di 9\"><figure class=\"swiper-slide-inner\"><img decoding=\"async\" class=\"swiper-slide-image\" src=\"https:\/\/i0.wp.com\/onefifteen115.com\/wp-content\/uploads\/2023\/08\/Fradkof-3.jpg?fit=560%2C560&amp;ssl=1\" alt=\"Fradkof-3\" \/><\/figure><\/div><div class=\"swiper-slide\" role=\"group\" aria-roledescription=\"slide\" aria-label=\"5 di 9\"><figure class=\"swiper-slide-inner\"><img decoding=\"async\" class=\"swiper-slide-image\" src=\"https:\/\/i0.wp.com\/onefifteen115.com\/wp-content\/uploads\/2023\/08\/Fradkof-5.jpg?fit=560%2C560&amp;ssl=1\" alt=\"Fradkof-5\" \/><\/figure><\/div><div class=\"swiper-slide\" role=\"group\" aria-roledescription=\"slide\" aria-label=\"6 di 9\"><figure class=\"swiper-slide-inner\"><img decoding=\"async\" class=\"swiper-slide-image\" src=\"https:\/\/i0.wp.com\/onefifteen115.com\/wp-content\/uploads\/2023\/08\/Fradkof-10.jpg?fit=560%2C560&amp;ssl=1\" alt=\"Fradkof-10\" \/><\/figure><\/div><div class=\"swiper-slide\" role=\"group\" aria-roledescription=\"slide\" aria-label=\"7 di 9\"><figure class=\"swiper-slide-inner\"><img decoding=\"async\" class=\"swiper-slide-image\" src=\"https:\/\/i0.wp.com\/onefifteen115.com\/wp-content\/uploads\/2023\/08\/Fradkof-9.jpg?fit=560%2C560&amp;ssl=1\" alt=\"Fradkof-9\" \/><\/figure><\/div><div class=\"swiper-slide\" role=\"group\" aria-roledescription=\"slide\" aria-label=\"8 di 9\"><figure class=\"swiper-slide-inner\"><img decoding=\"async\" class=\"swiper-slide-image\" src=\"https:\/\/i0.wp.com\/onefifteen115.com\/wp-content\/uploads\/2023\/08\/Fradkof-6.jpg?fit=560%2C560&amp;ssl=1\" alt=\"Fradkof-6\" \/><\/figure><\/div><div class=\"swiper-slide\" role=\"group\" aria-roledescription=\"slide\" aria-label=\"9 di 9\"><figure class=\"swiper-slide-inner\"><img decoding=\"async\" class=\"swiper-slide-image\" src=\"https:\/\/i0.wp.com\/onefifteen115.com\/wp-content\/uploads\/2023\/08\/Fradkof-2.jpg?fit=560%2C560&amp;ssl=1\" alt=\"Fradkof-2\" \/><\/figure><\/div>\t\t\t<\/div>\n\t\t\t\t\t\t\t\t\t\t\t\t<div class=\"elementor-swiper-button elementor-swiper-button-prev\" role=\"button\" tabindex=\"0\">\n\t\t\t\t\t\t<i aria-hidden=\"true\" class=\"eicon-chevron-left\"><\/i>\t\t\t\t\t<\/div>\n\t\t\t\t\t<div class=\"elementor-swiper-button elementor-swiper-button-next\" role=\"button\" tabindex=\"0\">\n\t\t\t\t\t\t<i aria-hidden=\"true\" class=\"eicon-chevron-right\"><\/i>\t\t\t\t\t<\/div>\n\t\t\t\t\n\t\t\t\t\t\t\t\t\t<div class=\"swiper-pagination\"><\/div>\n\t\t\t\t\t\t\t\t\t<\/div>\n\t\t\t\t\t\t<\/div>\n\t\t\t\t<\/div>\n\t\t\t\t\t<\/div>\n\t\t<\/div>\n\t\t\t\t\t<\/div>\n\t\t<\/section>\n\t\t\t\t<\/div>","protected":false},"excerpt":{"rendered":"<p>Brands &gt; Dining &#038; [&hellip;]<\/p>\n","protected":false},"author":232424058,"featured_media":0,"parent":0,"menu_order":0,"comment_status":"closed","ping_status":"closed","template":"","meta":{"_crdt_document":"","site-sidebar-layout":"no-sidebar","site-content-layout":"page-builder","ast-site-content-layout":"full-width-container","site-content-style":"unboxed","site-sidebar-style":"unboxed","ast-global-header-display":"","ast-banner-title-visibility":"","ast-main-header-display":"","ast-hfb-above-header-display":"","ast-hfb-below-header-display":"","ast-hfb-mobile-header-display":"","site-post-title":"disabled","ast-breadcrumbs-content":"","ast-featured-img":"disabled","footer-sml-layout":"","ast-disable-related-posts":"","theme-transparent-header-meta":"default","adv-header-id-meta":"","stick-header-meta":"default","header-above-stick-meta":"","header-main-stick-meta":"","header-below-stick-meta":"","astra-migrate-meta-layouts":"set","ast-page-background-enabled":"default","ast-page-background-meta":{"desktop":{"background-color":"var(--ast-global-color-4)","background-image":"","background-repeat":"repeat","background-position":"center center","background-size":"auto","background-attachment":"scroll","background-type":"","background-media":"","overlay-type":"","overlay-color":"","overlay-opacity":"","overlay-gradient":""},"tablet":{"background-color":"","background-image":"","background-repeat":"repeat","background-position":"center center","background-size":"auto","background-attachment":"scroll","background-type":"","background-media":"","overlay-type":"","overlay-color":"","overlay-opacity":"","overlay-gradient":""},"mobile":{"background-color":"","background-image":"","background-repeat":"repeat","background-position":"center center","background-size":"auto","background-attachment":"scroll","background-type":"","background-media":"","overlay-type":"","overlay-color":"","overlay-opacity":"","overlay-gradient":""}},"ast-content-background-meta":{"desktop":{"background-color":"var(--ast-global-color-5)","background-image":"","background-repeat":"repeat","background-position":"center center","background-size":"auto","background-attachment":"scroll","background-type":"","background-media":"","overlay-type":"","overlay-color":"","overlay-opacity":"","overlay-gradient":""},"tablet":{"background-color":"var(--ast-global-color-5)","background-image":"","background-repeat":"repeat","background-position":"center center","background-size":"auto","background-attachment":"scroll","background-type":"","background-media":"","overlay-type":"","overlay-color":"","overlay-opacity":"","overlay-gradient":""},"mobile":{"background-color":"var(--ast-global-color-5)","background-image":"","background-repeat":"repeat","background-position":"center center","background-size":"auto","background-attachment":"scroll","background-type":"","background-media":"","overlay-type":"","overlay-color":"","overlay-opacity":"","overlay-gradient":""}},"advanced_seo_description":"","jetpack_seo_html_title":"","jetpack_seo_noindex":false,"footnotes":""},"class_list":["post-7453","page","type-page","status-publish","hentry"],"jetpack_likes_enabled":true,"jetpack_sharing_enabled":true,"jetpack_shortlink":"https:\/\/wp.me\/PeDfZ2-1Wd","jetpack-related-posts":[],"_links":{"self":[{"href":"https:\/\/onefifteen115.com\/it\/wp-json\/wp\/v2\/pages\/7453","targetHints":{"allow":["GET"]}}],"collection":[{"href":"https:\/\/onefifteen115.com\/it\/wp-json\/wp\/v2\/pages"}],"about":[{"href":"https:\/\/onefifteen115.com\/it\/wp-json\/wp\/v2\/types\/page"}],"author":[{"embeddable":true,"href":"https:\/\/onefifteen115.com\/it\/wp-json\/wp\/v2\/users\/232424058"}],"replies":[{"embeddable":true,"href":"https:\/\/onefifteen115.com\/it\/wp-json\/wp\/v2\/comments?post=7453"}],"version-history":[{"count":28,"href":"https:\/\/onefifteen115.com\/it\/wp-json\/wp\/v2\/pages\/7453\/revisions"}],"predecessor-version":[{"id":28861,"href":"https:\/\/onefifteen115.com\/it\/wp-json\/wp\/v2\/pages\/7453\/revisions\/28861"}],"wp:attachment":[{"href":"https:\/\/onefifteen115.com\/it\/wp-json\/wp\/v2\/media?parent=7453"}],"curies":[{"name":"wp","href":"https:\/\/api.w.org\/{rel}","templated":true}]}}